{"id":8,"date":"2023-11-25T12:40:10","date_gmt":"2023-11-25T12:40:10","guid":{"rendered":"https:\/\/www.skaccounts.fi\/?page_id=8"},"modified":"2024-01-22T07:27:58","modified_gmt":"2024-01-22T07:27:58","slug":"__tietosuojaseloste","status":"publish","type":"page","link":"https:\/\/www.skaccounts.fi\/index.php\/__tietosuojaseloste\/","title":{"rendered":"Tietosuojaseloste"},"content":{"rendered":"\n<h2 class=\"wp-block-heading\">Keit\u00e4 olemme<\/h2>\n\n\n\n<p>Verkkosivustomme osoite on: https:\/\/www.skaccounts.fi.<\/p>\n\n\n\n<h1 class=\"wp-block-heading\">Tietosuojaseloste<\/h1>\n\n\n\n<p>T\u00e4m\u00e4 on EU:n yleisen tietosuoja-asetuksen (679\/2016) mukainen selvitys henkil\u00f6tietojen k\u00e4sittelyst\u00e4. Laadittu 1.12.2023.<\/p>\n\n\n\n<p><strong>1. Rekisterinpit\u00e4j\u00e4<\/strong><\/p>\n\n\n\n<p>SK Accounts Oy (3402589-8) <\/p>\n\n\n\n<p><strong>2. Yhteyshenkil\u00f6 rekisteri\u00e4 koskevassa asiassa<\/strong><\/p>\n\n\n\n<p>Sari Korhonen, sari@skaccounts.fi, p. +358 44 247 9610<\/p>\n\n\n\n<p><strong>3. Rekisterin nimi<\/strong><\/p>\n\n\n\n<p>SK Accounts Oy:n asiakas- ja markkinointirekisteri<\/p>\n\n\n\n<p><strong>4. Henkil\u00f6tietojen k\u00e4sittelyn peruste ja tarkoitus<\/strong><\/p>\n\n\n\n<p>Henkil\u00f6tietojen k\u00e4sittelyn tarkoituksena on asiakassuhteiden ja asiakaspalvelun hoitaminen. Henkil\u00f6tietojen k\u00e4sittely perustuu lakis\u00e4\u00e4teisten velvoitteiden noudattamiseen silt\u00e4 osin kuin lains\u00e4\u00e4d\u00e4nt\u00f6 ja lakis\u00e4\u00e4teiset raportointivelvoitteet edellytt\u00e4v\u00e4t henkil\u00f6tietojen k\u00e4sittely\u00e4.<\/p>\n\n\n\n<p><strong>5. K\u00e4sitelt\u00e4v\u00e4t henkil\u00f6tiedot<\/strong><\/p>\n\n\n\n<p>Rekisterinpit\u00e4j\u00e4 ker\u00e4\u00e4 rekister\u00f6idyist\u00e4 vain sellaisia henkil\u00f6tietoja, jotka ovat olennaisia ja tarpeellisia t\u00e4ss\u00e4 tietosuojaselosteessa selostettujen k\u00e4ytt\u00f6tarkoitusten kannalta.<\/p>\n\n\n\n<p><strong>6. Rekisterin sis\u00e4lt\u00f6<\/strong><\/p>\n\n\n\n<p>Rekisteriss\u00e4 on p\u00e4\u00e4s\u00e4\u00e4nt\u00f6isesti seuraavia tietoja:<\/p>\n\n\n\n<ul class=\"wp-block-list\">\n<li>Asiakkaan yhteystiedot, kuten nimi, osoite, puhelinnumero, s\u00e4hk\u00f6postiosoite<\/li>\n\n\n\n<li>Asiakkaan syntym\u00e4aika ja henkil\u00f6tunnus<\/li>\n\n\n\n<li>Asiakassuhteen hoitamiseen liittyv\u00e4t tiedot<\/li>\n\n\n\n<li>Asiakasyrityksen tiedot<\/li>\n\n\n\n<li>Asiakkaan itsens\u00e4 antamat lis\u00e4tiedot asiakkuuteen liittyen<\/li>\n<\/ul>\n\n\n\n<p><strong>7. Henkil\u00f6tietojen suojaus<\/strong><\/p>\n\n\n\n<p>Rekisterinpit\u00e4j\u00e4 k\u00e4sittelee henkil\u00f6tietoja tavalla, jolla pyrit\u00e4\u00e4n varmistamaan henkil\u00f6tietojen asianmukainen turvallisuus, mukaan lukien suojaaminen luvattomalta k\u00e4sittelylt\u00e4 sek\u00e4 vahingossa tapahtuvalta h\u00e4vi\u00e4miselt\u00e4, tuhoutumiselta tai vahingoittumiselta.<\/p>\n\n\n\n<p>Kaikilla henkil\u00f6tietoja k\u00e4sittelevill\u00e4 ty\u00f6ntekij\u00f6ill\u00e4 on ty\u00f6sopimuslain (55\/2001) ja niit\u00e4 t\u00e4ydent\u00e4vien salassapitosopimusten perusteella vaitiolovelvollisuus rekister\u00f6ityjen henkil\u00f6tietojen k\u00e4sittelyyn liittyvist\u00e4 asioista.<\/p>\n\n\n\n<p><strong>8. Tietojen s\u00e4ilytysaika<\/strong><\/p>\n\n\n\n<p>Tiedot s\u00e4ilytet\u00e4\u00e4n asiakassuhteen sopimuskauden ajan ja asiakassuhteen p\u00e4\u00e4ttymisen j\u00e4lkeen niin kauan, ett\u00e4 sopimussuhteeseen liittyv\u00e4t asiat on hoidettu. T\u00e4m\u00e4n ajan p\u00e4\u00e4tytty\u00e4 tiedot poistetaan tai anonymisoidaan.<\/p>\n\n\n\n<p>Rekisterinpit\u00e4j\u00e4ll\u00e4 voi olla velvollisuus k\u00e4sitell\u00e4 joitakin rekisteriin kuuluvia henkil\u00f6tietoja yll\u00e4 todettua pitemp\u00e4\u00e4n lains\u00e4\u00e4d\u00e4nn\u00f6n tai viranomaisvaatimusten noudattamiseksi.<\/p>\n\n\n\n<p><strong>9. Rekister\u00f6idyn oikeudet<\/strong><\/p>\n\n\n\n<p>Rekister\u00f6idyll\u00e4 henkil\u00f6ll\u00e4 on oikeus tarkistaa rekisteriin tallennetut tietonsa ja vaatia mahdollisen virheellisen tiedon korjaamista tai puutteellisen tiedon t\u00e4ydent\u00e4mist\u00e4 sek\u00e4 tietojen poistamista. Jos henkil\u00f6 haluaa tarkistaa h\u00e4nest\u00e4 tallennetut tiedot tai vaatii niihin oikaisua, tulee pyynt\u00f6 l\u00e4hett\u00e4\u00e4 s\u00e4hk\u00f6postilla rekisterinpit\u00e4j\u00e4lle. Henkil\u00f6n on pyydett\u00e4ess\u00e4 todistettava henkil\u00f6llisyytens\u00e4. Rekisterinpit\u00e4j\u00e4 vastaa pyynt\u00f6\u00f6n EU:n tietosuoja-asetuksessa s\u00e4\u00e4detyn ajan kuluessa.<\/p>\n\n\n\n<p><strong>10. Muut henkil\u00f6tietojen k\u00e4sittelyyn liittyv\u00e4t oikeudet<\/strong><\/p>\n\n\n\n<p>Rekisteriss\u00e4 olevalla henkil\u00f6ll\u00e4 on oikeus pyyt\u00e4\u00e4 poistamaan h\u00e4nt\u00e4 koskevat henkil\u00f6tiedot rekisterist\u00e4. Rekister\u00f6idyll\u00e4 on oikeudet henkil\u00f6tietojen k\u00e4sittelyn rajoittamiseen tietyiss\u00e4 tilanteissa. Pyynt\u00f6 tulee l\u00e4hett\u00e4\u00e4 s\u00e4hk\u00f6postilla rekisterinpit\u00e4j\u00e4lle. Henkil\u00f6n on pyydett\u00e4ess\u00e4 todistettava henkil\u00f6llisyytens\u00e4. Rekisterinpit\u00e4j\u00e4 vastaa pyynt\u00f6\u00f6n EU:n tietosuoja-asetuksessa s\u00e4\u00e4detyn ajan kuluessa. <a href=\"https:\/\/eur-lex.europa.eu\/legal-content\/FI\/TXT\/?uri=CELEX%3A32016R0679#d1e2144-1-1\"><mark style=\"background-color:rgba(0, 0, 0, 0)\" class=\"has-inline-color has-custom-2-color\">https:\/\/eur-lex.europa.eu\/legal-content\/FI\/TXT\/?uri=CELEX%3A32016R0679#d1e2144-1-1<\/mark><\/a><\/p>\n","protected":false},"excerpt":{"rendered":"<p>Keit\u00e4 olemme Verkkosivustomme osoite on: https:\/\/www.skaccounts.fi. Tietosuojaseloste T\u00e4m\u00e4 on EU:n yleisen tietosuoja-asetuksen (679\/2016) mukainen selvitys henkil\u00f6tietojen k\u00e4sittelyst\u00e4. Laadittu 1.12.2023. 1. Rekisterinpit\u00e4j\u00e4 SK Accounts Oy (3402589-8) 2. Yhteyshenkil\u00f6 rekisteri\u00e4 koskevassa asiassa &#8230;<\/p>\n","protected":false},"author":1,"featured_media":0,"parent":0,"menu_order":0,"comment_status":"closed","ping_status":"closed","template":"","meta":{"_themeisle_gutenberg_block_has_review":false,"footnotes":""},"class_list":["post-8","page","type-page","status-publish","hentry"],"_links":{"self":[{"href":"https:\/\/www.skaccounts.fi\/index.php\/wp-json\/wp\/v2\/pages\/8","targetHints":{"allow":["GET"]}}],"collection":[{"href":"https:\/\/www.skaccounts.fi\/index.php\/wp-json\/wp\/v2\/pages"}],"about":[{"href":"https:\/\/www.skaccounts.fi\/index.php\/wp-json\/wp\/v2\/types\/page"}],"author":[{"embeddable":true,"href":"https:\/\/www.skaccounts.fi\/index.php\/wp-json\/wp\/v2\/users\/1"}],"replies":[{"embeddable":true,"href":"https:\/\/www.skaccounts.fi\/index.php\/wp-json\/wp\/v2\/comments?post=8"}],"version-history":[{"count":1,"href":"https:\/\/www.skaccounts.fi\/index.php\/wp-json\/wp\/v2\/pages\/8\/revisions"}],"predecessor-version":[{"id":671,"href":"https:\/\/www.skaccounts.fi\/index.php\/wp-json\/wp\/v2\/pages\/8\/revisions\/671"}],"wp:attachment":[{"href":"https:\/\/www.skaccounts.fi\/index.php\/wp-json\/wp\/v2\/media?parent=8"}],"curies":[{"name":"wp","href":"https:\/\/api.w.org\/{rel}","templated":true}]}}